{"id":552,"date":"2025-02-20T10:12:45","date_gmt":"2025-02-20T10:12:45","guid":{"rendered":"https:\/\/conpromed.es\/energia\/otc\/?page_id=552"},"modified":"2025-02-20T10:12:45","modified_gmt":"2025-02-20T10:12:45","slug":"aviso-legal","status":"publish","type":"page","link":"https:\/\/conpromed.es\/energia\/otc\/aviso-legal\/","title":{"rendered":"Aviso legal"},"content":{"rendered":"[vc_row type=\u00bbin_container\u00bb full_screen_row_position=\u00bbmiddle\u00bb column_margin=\u00bbdefault\u00bb column_direction=\u00bbdefault\u00bb column_direction_tablet=\u00bbdefault\u00bb column_direction_phone=\u00bbdefault\u00bb scene_position=\u00bbcenter\u00bb top_padding=\u00bb70&#8243; constrain_group_1=\u00bbyes\u00bb bottom_padding=\u00bb70&#8243; text_color=\u00bbdark\u00bb text_align=\u00bbleft\u00bb row_border_radius=\u00bbnone\u00bb row_border_radius_applies=\u00bbbg\u00bb overflow=\u00bbvisible\u00bb overlay_strength=\u00bb0.3&#8243; gradient_direction=\u00bbleft_to_right\u00bb shape_divider_position=\u00bbbottom\u00bb bg_image_animation=\u00bbnone\u00bb gradient_type=\u00bbdefault\u00bb shape_type=\u00bb\u00bb][vc_column column_padding=\u00bbno-extra-padding\u00bb column_padding_tablet=\u00bbinherit\u00bb column_padding_phone=\u00bbinherit\u00bb column_padding_position=\u00bball\u00bb column_element_direction_desktop=\u00bbdefault\u00bb column_element_spacing=\u00bbdefault\u00bb desktop_text_alignment=\u00bbdefault\u00bb tablet_text_alignment=\u00bbdefault\u00bb phone_text_alignment=\u00bbdefault\u00bb background_color_opacity=\u00bb1&#8243; background_hover_color_opacity=\u00bb1&#8243; column_backdrop_filter=\u00bbnone\u00bb column_shadow=\u00bbnone\u00bb column_border_radius=\u00bbnone\u00bb column_link_target=\u00bb_self\u00bb column_position=\u00bbdefault\u00bb gradient_direction=\u00bbleft_to_right\u00bb overlay_strength=\u00bb0.3&#8243; width=\u00bb1\/1&#8243; tablet_width_inherit=\u00bbdefault\u00bb animation_type=\u00bbdefault\u00bb bg_image_animation=\u00bbnone\u00bb border_type=\u00bbsimple\u00bb column_border_width=\u00bbnone\u00bb column_border_style=\u00bbsolid\u00bb][vc_column_text css=\u00bb\u00bb text_direction=\u00bbdefault\u00bb]\n<section class=\"elementor-section elementor-top-section elementor-element elementor-element-e7039f3 elementor-section-boxed elementor-section-height-default elementor-section-height-default\" data-id=\"e7039f3\" data-element_type=\"section\">\n<div class=\"elementor-container elementor-column-gap-default\">\n<div class=\"elementor-column elementor-col-100 elementor-top-column elementor-element elementor-element-7d6dc60\" data-id=\"7d6dc60\" data-element_type=\"column\">\n<div class=\"elementor-widget-wrap elementor-element-populated\">\n<div class=\"elementor-element elementor-element-12cd2b1 elementor-widget elementor-widget-text-editor\" data-id=\"12cd2b1\" data-element_type=\"widget\" data-widget_type=\"text-editor.default\">\n<div class=\"elementor-widget-container\">\n<h3>Titular<\/h3>\n<p>En cumplimiento de la Ley 34\/2002 de Servicios de la Sociedad de la Informaci\u00f3n y de Comercio Electr\u00f3nico le informamos que\u00a0<strong>Consorcio Provincial de Medio Ambiente de Albacete <\/strong>(en adelante titular del sitio Web) <strong>CIF: G16750697<\/strong>, es titular del dominio\u00a0<a href=\"https:\/\/www.conpromed.es\" target=\"_blank\" rel=\"noopener\"><strong>https:\/\/www.conpromed.es<\/strong><\/a><\/p>\n<p>Tiene su domicilio social en <strong>Calle Isaac Peral n\u00ba 11, 3\u00ba, 02001 Albacete.<\/strong> Tel\u00e9fono de contacto: <strong>(+34) 967 595 300 <\/strong>con email:<a href=\"mailto:gdpr@conpromed.es\"><strong> gdpr@conpromed.es<\/strong><\/a><\/p>\n<p><strong>Consorcio Provincial de Medio Ambiente de Albacete<\/strong> como responsable de esta web, asume el compromiso de procesar la informaci\u00f3n de los usuarios y clientes con plenas garant\u00edas y cumplir con los requisitos nacionales y europeos que regulan la recopilaci\u00f3n y uso de los datos personales de mis usuarios.<\/p>\n<p>Esta web, por tanto, cumple rigurosamente con el Reglamento (UE) 2016\/679 del Parlamento Europeo y del Consejo de 27 de abril de 2016 relativo a la protecci\u00f3n de las personas f\u00edsicas (RGPD), as\u00ed como con la Ley 34\/2002, de 11 de julio, de Servicios de la Sociedad de la Informaci\u00f3n y Comercio Electr\u00f3nico (LSSICE \u00f3 LSSI).<\/p>\n<h3>Objeto<\/h3>\n<p>Este aviso legal contempla las\u00a0condiciones generales y en su caso particulares que regulan el acceso y uso del sitio Web.<\/p>\n<p>El presente sitio Web est\u00e1 dise\u00f1ado para dar a conocer y poner a disposici\u00f3n del p\u00fablico (en adelante el usuario) que acceda al dominio\u00a0<a href=\"https:\/\/www.conpromed.es\" target=\"_blank\" rel=\"noopener\"><strong>https:\/\/www.conpromed.es<\/strong><\/a> (en adelante sitio Web)\u00a0informaci\u00f3n, datos, productos y servicios (en adelante contenidos).<\/p>\n<h3>Acceso<\/h3>\n<ul>\n<li>La persona que accede a este sitio Web adquiere la condici\u00f3n de Usuario del mismo. Esto implica el conocimiento y la aceptaci\u00f3n de las condiciones generales y en su caso, condiciones particulares que regulan su acceso y uso. Recomendamos el acceso peri\u00f3dico a las condiciones de utilizaci\u00f3n para conocer los cambios, modificaciones y actualizaciones que puedan producirse.<\/li>\n<li>El sitio Web comprende textos, gr\u00e1ficos, im\u00e1genes, videos, sonidos, dibujos, fotograf\u00edas y software incluidos en el mismo, ya sean susceptibles o no de propiedad intelectual.<\/li>\n<li>El acceso al sitio Web es gratuito, sin previa autorizaci\u00f3n, suscripci\u00f3n o registro, salvo para los contenidos y servicios espec\u00edficos en los que la suscripci\u00f3n o el registro del Usuario sea necesario y as\u00ed se determine en las condiciones generales o particulares.<\/li>\n<li>El servicio prestado es por tiempo indefinido. El sitio Web se compromete a mantener la calidad y la exactitud de los contenidos y uso en la medida de sus posibilidades. No obstante, esto no implica obligaci\u00f3n alguna sobre la calidad, exactitud de los contenidos y velocidad del acceso por parte del titular del sitio Web. El titular se reserva el derecho a modificar o actualizar las condiciones de acceso o suspender el acceso al sitio Web, o parte del sitio Web sin previo aviso.<\/li>\n<li>Los Usuarios que accedan se comprometen en todo momento a no acceder al sitio Web y a los contenidos de forma contraria a la establecida y\/o con fines il\u00edcitos, lesivos de derechos y libertades de terceros, o que puedan da\u00f1ar, deteriorar, saturar o ralentizar el sitio Web, en perjuicio del titular del sitio Web o de terceros usuarios.<\/li>\n<\/ul>\n<h3>Medidas de seguridad<\/h3>\n<p>Los datos personales comunicados por el usuario al sitio web, pueden ser almacenados en bases de datos automatizadas o no, cuya titularidad corresponde en exclusiva al<strong> sitio web<\/strong>, asumiendo \u00e9sta todas las medidas de \u00edndole t\u00e9cnica, organizativa y de seguridad que garantizan la confidencialidad, integridad y calidad de la informaci\u00f3n contenida en las mismas de acuerdo con lo establecido en la normativa vigente en protecci\u00f3n de datos.<\/p>\n<h3>Propiedad intelectual<\/h3>\n<ul>\n<li>El titular del sitio Web es titular de los derechos de propiedad industrial e intelectual, as\u00ed como de los contenidos que alberga. A t\u00edtulo meramente enunciativo, se entender\u00e1n incluidas las informaciones, mensajes, gr\u00e1ficos, archivos de sonido e imagen, fotograf\u00edas, grabaciones, programas de ordenador, bases de datos, tecnolog\u00eda know-how, marcas, signos distintivos, logos y en general cualquier clase de creaci\u00f3n o material accesible que sea de su propiedad, as\u00ed como del propio sitio Web.<\/li>\n<li>En el sitio Web tambi\u00e9n pueden ser accesibles contenidos, servicios e informaci\u00f3n, propiedad de terceros, cuyos derechos se encuentran igualmente protegidos por la legislaci\u00f3n vigente en materia de propiedad industrial e intelectual.<\/li>\n<li>En el caso de que un usuario o un tercero consideren que se ha producido una violaci\u00f3n de sus leg\u00edtimos derechos de propiedad intelectual por la introducci\u00f3n de un determinado contenido en la web, deber\u00e1 notificar dicha circunstancia al correo del sitio web <a href=\"mailto:gdpr@conpromed.es\"><strong>gdpr@conpromed.es<\/strong> <\/a>indicando:\n<ul>\n<li>Datos personales del interesado titular de los derechos presuntamente infringidos, o indicar la representaci\u00f3n con la que act\u00faa en caso de que la reclamaci\u00f3n la presente un tercero distinto del interesado.<\/li>\n<li>Se\u00f1alar los contenidos protegidos por los derechos de propiedad intelectual y su ubicaci\u00f3n en la web, la acreditaci\u00f3n de los derechos de propiedad intelectual se\u00f1alados y declaraci\u00f3n expresa en la que el interesado se responsabiliza de la veracidad de las informaciones facilitadas en la notificaci\u00f3n.<\/li>\n<\/ul>\n<\/li>\n<li>No obstante, el usuario debe ser consciente de que las medidas de seguridad de los sistemas inform\u00e1ticos en Internet no son enteramente fiables y que, por tanto el sitio Web no puede garantizar la inexistencia de malware u otros elementos que puedan producir alteraciones en los sistemas inform\u00e1ticos (software y hardware) del usuario o en sus documentos electr\u00f3nicos y ficheros contenidos en los mismos aunque ponga todos los medios necesarios y las medidas de seguridad oportunas para evitar la presencia de estos elementos da\u00f1inos.<\/li>\n<\/ul>\n<h3>Contenidos<\/h3>\n<ul>\n<li>El acceso a los contenidos por parte del Usuario ser\u00e1 bajo su total responsabilidad no pudiendo repercutir al titular cualquier consecuencia negativa derivada directa o indirectamente del acceso, ya sean de \u00e1mbito f\u00edsico, l\u00f3gico, moral o personal.<\/li>\n<li>Los contenidos tienen como finalidad informar y dar a conocer las actividades, productos y servicios prestados y son de car\u00e1cter orientativo.<\/li>\n<li>El titular del sitio Web podr\u00e1 modificar los contenidos, as\u00ed como suprimir y cambiar \u00e9stos dentro del sitio Web, como la forma en que se accede, con el fin de mejorar la calidad de los mismos o corregir errores e intentando en todo momento minimizar las consecuencias negativas que estos cambios puedan provocar a los Usuarios.<\/li>\n<li>Cualquier uso del sitio Web o de sus contenidos deber\u00e1 tener un car\u00e1cter exclusivamente particular. Est\u00e1 reservado al titular del sitio Web cualquier otro uso que suponga la copia, reproducci\u00f3n, distribuci\u00f3n, transformaci\u00f3n, comunicaci\u00f3n p\u00fablica o cualquier otra acci\u00f3n similar de todo o parte de los contenidos del sitio Web, as\u00ed como del mismo, por lo que ning\u00fan Usuario podr\u00e1 llevar a cabo estas acciones para otros fines sin la autorizaci\u00f3n previa y por escrito del titular del sitio Web.<\/li>\n<li>No est\u00e1 permitido el uso de los contenidos para promocionar, contratar o divulgar publicidad o informaci\u00f3n propia o de terceras personas sin la autorizaci\u00f3n del titular del sitio Web ni remitir publicidad o informaci\u00f3n vali\u00e9ndose para ello de los servicios o informaci\u00f3n que se ponen a disposici\u00f3n de los Usuarios, independientemente de si la utilizaci\u00f3n es gratuita o no.<\/li>\n<li>Los enlaces o hiperenlaces que incorporen terceros en sus p\u00e1ginas Web, dirigidos a este sitio Web, ser\u00e1n para la apertura del sitio Web completo y desde la p\u00e1gina de inicio (home), no pudiendo manifestar, directa o indirectamente, indicaciones falsas, inexactas o confusas, ni incurrir en acciones desleales o il\u00edcitas en contra del titular del sitio Web.<\/li>\n<li>El titular del sitio Web ejerce mecanismos de control sobre la calidad de los enlaces (links) que se incorporen al sitio Web, no obstante, no puede responsabilizarse de la fiabilidad y rapidez de los mismos, no garantiza la utilidad de estos enlaces, ni de los contenidos o servicios a los que pueda acceder el Usuario por medio de estos enlaces, ni del buen funcionamiento de sitios Web de terceros.<\/li>\n<\/ul>\n<h3>Exclusi\u00f3n de garant\u00edas y responsable<\/h3>\n<p>El titular del sitio Web no otorga ninguna garant\u00eda ni se hace responsable, en ning\u00fan caso, de los da\u00f1os y perjuicios de cualquier naturaleza que pudieran traer causa de:<\/p>\n<ul>\n<li>La falta de disponibilidad, mantenimiento y efectivo funcionamiento de la web, o de sus servicios y contenidos;<\/li>\n<li>La existencia de malware, programas maliciosos o lesivos en los contenidos;<\/li>\n<li>El uso il\u00edcito, negligente, fraudulento o contrario a este Aviso Legal;<\/li>\n<li>La falta de licitud, calidad, fiabilidad, utilidad y disponibilidad de los servicios prestados por terceros y puestos a disposici\u00f3n de los usuarios en el sitio web.<\/li>\n<li>El prestador no se hace responsable bajo ning\u00fan concepto de los da\u00f1os que pudieran dimanar del uso ilegal o indebido de la presente p\u00e1gina web.<\/li>\n<\/ul>\n<h3>Acerca de nuestra newsletter<\/h3>\n<p>Si una vez inscrito en nuestra newsletter no desea seguir recibi\u00e9ndolas puede darse de baja mediante la aplicaci\u00f3n o puede notific\u00e1rnoslo <a href=\"mailto:gdpr@conpromed.es\"><strong>gdpr@conpromed.es<\/strong><\/a> y cancelaremos su suscripci\u00f3n, con posibilidad de volver a inscribirse cuando usted desee.<\/p>\n<h3>Redes Sociales<\/h3>\n<p>Utilizamos las redes sociales como medio de comunicaci\u00f3n y promoci\u00f3n de nuestros productos y servicios. En ning\u00fan caso utilizamos los datos para fines no permitidos. Esta empresa no se hace responsable de los contenidos, comentarios, opiniones o informaciones, propias o de terceros, que los usuarios publiquen en nuestras cuentas creadas en Facebook, Twitter, etc. Puede utilizar nuestros contenidos para fines l\u00edcitos, siempre y cuando haga menci\u00f3n a su origen o autor. Tenga en cuenta que la utilizaci\u00f3n de las redes sociales est\u00e1 condicionada a las pol\u00edticas de privacidad de cada una de ellas. Para m\u00e1s informaci\u00f3n:<\/p>\n<ul>\n<li>Facebook:\u00a0\u00a0<a href=\"https:\/\/www.facebook.com\/policy.php?ref=pf\" target=\"_blank\" rel=\"noopener\">https:\/\/www.facebook.com\/policy.php?ref=pf<\/a><\/li>\n<li>Twitter:\u00a0<a href=\"http:\/\/www.twitterenespanol.net\/privacy_policy.php\" target=\"_blank\" rel=\"noopener\">http:\/\/www.twitterenespanol.net\/privacy_policy.php<\/a><\/li>\n<li>Instagram:\u00a0<a href=\"https:\/\/es-la.facebook.com\/help\/instagram\/155833707900388\" target=\"_blank\" rel=\"noopener\">https:\/\/es-la.facebook.com\/help\/instagram\/155833707900388<\/a><\/li>\n<\/ul>\n<h3>Jurisdicci\u00f3n<\/h3>\n<p>Para cualquier controversia que pudiera surgir por la utilizaci\u00f3n del sitio Web o de los contenidos sujetos a estas condiciones, las partes se someten a los Juzgados y Tribunales competentes.<\/p>\n<h3>Contacto<\/h3>\n<p>En caso de que cualquier usuario tuviese alguna duda acerca de estas Condiciones legales o cualquier comentario sobre el sitio web por favor dir\u00edjase al formulario de contacto o al mail <a href=\"mailto:gdpr@conpromed.es\"><strong>gdpr@conpromed.es<\/strong><\/a><\/p>\n<\/div>\n<\/div>\n<\/div>\n<\/div>\n<\/div>\n<\/section>\n[\/vc_column_text][\/vc_column][\/vc_row]\n","protected":false},"excerpt":{"rendered":"<p>[vc_row type=\u00bbin_container\u00bb full_screen_row_position=\u00bbmiddle\u00bb column_margin=\u00bbdefault\u00bb column_direction=\u00bbdefault\u00bb column_direction_tablet=\u00bbdefault\u00bb column_direction_phone=\u00bbdefault\u00bb scene_position=\u00bbcenter\u00bb top_padding=\u00bb70&#8243; constrain_group_1=\u00bbyes\u00bb bottom_padding=\u00bb70&#8243; text_color=\u00bbdark\u00bb text_align=\u00bbleft\u00bb row_border_radius=\u00bbnone\u00bb row_border_radius_applies=\u00bbbg\u00bb overflow=\u00bbvisible\u00bb overlay_strength=\u00bb0.3&#8243; gradient_direction=\u00bbleft_to_right\u00bb shape_divider_position=\u00bbbottom\u00bb bg_image_animation=\u00bbnone\u00bb gradient_type=\u00bbdefault\u00bb shape_type=\u00bb\u00bb][vc_column column_padding=\u00bbno-extra-padding\u00bb column_padding_tablet=\u00bbinherit\u00bb column_padding_phone=\u00bbinherit\u00bb column_padding_position=\u00bball\u00bb column_element_direction_desktop=\u00bbdefault\u00bb column_element_spacing=\u00bbdefault\u00bb desktop_text_alignment=\u00bbdefault\u00bb tablet_text_alignment=\u00bbdefault\u00bb&#8230;<\/p>\n","protected":false},"author":3,"featured_media":0,"parent":0,"menu_order":0,"comment_status":"closed","ping_status":"open","template":"","meta":{"footnotes":""},"class_list":["post-552","page","type-page","status-publish"],"yoast_head":"<!-- This site is optimized with the Yoast SEO plugin v24.8.1 - https:\/\/yoast.com\/wordpress\/plugins\/seo\/ -->\n<title>Aviso legal - OTC Albacete<\/title>\n<meta name=\"robots\" content=\"index, follow, max-snippet:-1, max-image-preview:large, max-video-preview:-1\" \/>\n<link rel=\"canonical\" href=\"https:\/\/conpromed.es\/energia\/otc\/aviso-legal\/\" \/>\n<meta property=\"og:locale\" content=\"es_ES\" \/>\n<meta property=\"og:type\" content=\"article\" \/>\n<meta property=\"og:title\" content=\"Aviso legal - OTC Albacete\" \/>\n<meta property=\"og:description\" content=\"[vc_row type=\u00bbin_container\u00bb full_screen_row_position=\u00bbmiddle\u00bb column_margin=\u00bbdefault\u00bb column_direction=\u00bbdefault\u00bb column_direction_tablet=\u00bbdefault\u00bb column_direction_phone=\u00bbdefault\u00bb scene_position=\u00bbcenter\u00bb top_padding=\u00bb70&#8243; constrain_group_1=\u00bbyes\u00bb bottom_padding=\u00bb70&#8243; text_color=\u00bbdark\u00bb text_align=\u00bbleft\u00bb row_border_radius=\u00bbnone\u00bb row_border_radius_applies=\u00bbbg\u00bb overflow=\u00bbvisible\u00bb overlay_strength=\u00bb0.3&#8243; gradient_direction=\u00bbleft_to_right\u00bb shape_divider_position=\u00bbbottom\u00bb bg_image_animation=\u00bbnone\u00bb gradient_type=\u00bbdefault\u00bb shape_type=\u00bb\u00bb][vc_column column_padding=\u00bbno-extra-padding\u00bb column_padding_tablet=\u00bbinherit\u00bb column_padding_phone=\u00bbinherit\u00bb column_padding_position=\u00bball\u00bb column_element_direction_desktop=\u00bbdefault\u00bb column_element_spacing=\u00bbdefault\u00bb desktop_text_alignment=\u00bbdefault\u00bb tablet_text_alignment=\u00bbdefault\u00bb...\" \/>\n<meta property=\"og:url\" content=\"https:\/\/conpromed.es\/energia\/otc\/aviso-legal\/\" \/>\n<meta property=\"og:site_name\" content=\"OTC Albacete\" \/>\n<meta name=\"twitter:card\" content=\"summary_large_image\" \/>\n<meta name=\"twitter:label1\" content=\"Tiempo de lectura\" \/>\n\t<meta name=\"twitter:data1\" content=\"10 minutos\" \/>\n<script type=\"application\/ld+json\" class=\"yoast-schema-graph\">{\"@context\":\"https:\/\/schema.org\",\"@graph\":[{\"@type\":\"WebPage\",\"@id\":\"https:\/\/conpromed.es\/energia\/otc\/aviso-legal\/\",\"url\":\"https:\/\/conpromed.es\/energia\/otc\/aviso-legal\/\",\"name\":\"Aviso legal - OTC Albacete\",\"isPartOf\":{\"@id\":\"https:\/\/conpromed.es\/energia\/otc\/#website\"},\"datePublished\":\"2025-02-20T10:12:45+00:00\",\"breadcrumb\":{\"@id\":\"https:\/\/conpromed.es\/energia\/otc\/aviso-legal\/#breadcrumb\"},\"inLanguage\":\"es\",\"potentialAction\":[{\"@type\":\"ReadAction\",\"target\":[\"https:\/\/conpromed.es\/energia\/otc\/aviso-legal\/\"]}]},{\"@type\":\"BreadcrumbList\",\"@id\":\"https:\/\/conpromed.es\/energia\/otc\/aviso-legal\/#breadcrumb\",\"itemListElement\":[{\"@type\":\"ListItem\",\"position\":1,\"name\":\"Portada\",\"item\":\"https:\/\/conpromed.es\/energia\/otc\/\"},{\"@type\":\"ListItem\",\"position\":2,\"name\":\"Aviso legal\"}]},{\"@type\":\"WebSite\",\"@id\":\"https:\/\/conpromed.es\/energia\/otc\/#website\",\"url\":\"https:\/\/conpromed.es\/energia\/otc\/\",\"name\":\"OTC Albacete\",\"description\":\"Oficina de Transformaci\u00f3n Comunitaria de Albacete\",\"potentialAction\":[{\"@type\":\"SearchAction\",\"target\":{\"@type\":\"EntryPoint\",\"urlTemplate\":\"https:\/\/conpromed.es\/energia\/otc\/?s={search_term_string}\"},\"query-input\":{\"@type\":\"PropertyValueSpecification\",\"valueRequired\":true,\"valueName\":\"search_term_string\"}}],\"inLanguage\":\"es\"}]}<\/script>\n<!-- \/ Yoast SEO plugin. -->","yoast_head_json":{"title":"Aviso legal - OTC Albacete","robots":{"index":"index","follow":"follow","max-snippet":"max-snippet:-1","max-image-preview":"max-image-preview:large","max-video-preview":"max-video-preview:-1"},"canonical":"https:\/\/conpromed.es\/energia\/otc\/aviso-legal\/","og_locale":"es_ES","og_type":"article","og_title":"Aviso legal - OTC Albacete","og_description":"[vc_row type=\u00bbin_container\u00bb full_screen_row_position=\u00bbmiddle\u00bb column_margin=\u00bbdefault\u00bb column_direction=\u00bbdefault\u00bb column_direction_tablet=\u00bbdefault\u00bb column_direction_phone=\u00bbdefault\u00bb scene_position=\u00bbcenter\u00bb top_padding=\u00bb70&#8243; constrain_group_1=\u00bbyes\u00bb bottom_padding=\u00bb70&#8243; text_color=\u00bbdark\u00bb text_align=\u00bbleft\u00bb row_border_radius=\u00bbnone\u00bb row_border_radius_applies=\u00bbbg\u00bb overflow=\u00bbvisible\u00bb overlay_strength=\u00bb0.3&#8243; gradient_direction=\u00bbleft_to_right\u00bb shape_divider_position=\u00bbbottom\u00bb bg_image_animation=\u00bbnone\u00bb gradient_type=\u00bbdefault\u00bb shape_type=\u00bb\u00bb][vc_column column_padding=\u00bbno-extra-padding\u00bb column_padding_tablet=\u00bbinherit\u00bb column_padding_phone=\u00bbinherit\u00bb column_padding_position=\u00bball\u00bb column_element_direction_desktop=\u00bbdefault\u00bb column_element_spacing=\u00bbdefault\u00bb desktop_text_alignment=\u00bbdefault\u00bb tablet_text_alignment=\u00bbdefault\u00bb...","og_url":"https:\/\/conpromed.es\/energia\/otc\/aviso-legal\/","og_site_name":"OTC Albacete","twitter_card":"summary_large_image","twitter_misc":{"Tiempo de lectura":"10 minutos"},"schema":{"@context":"https:\/\/schema.org","@graph":[{"@type":"WebPage","@id":"https:\/\/conpromed.es\/energia\/otc\/aviso-legal\/","url":"https:\/\/conpromed.es\/energia\/otc\/aviso-legal\/","name":"Aviso legal - OTC Albacete","isPartOf":{"@id":"https:\/\/conpromed.es\/energia\/otc\/#website"},"datePublished":"2025-02-20T10:12:45+00:00","breadcrumb":{"@id":"https:\/\/conpromed.es\/energia\/otc\/aviso-legal\/#breadcrumb"},"inLanguage":"es","potentialAction":[{"@type":"ReadAction","target":["https:\/\/conpromed.es\/energia\/otc\/aviso-legal\/"]}]},{"@type":"BreadcrumbList","@id":"https:\/\/conpromed.es\/energia\/otc\/aviso-legal\/#breadcrumb","itemListElement":[{"@type":"ListItem","position":1,"name":"Portada","item":"https:\/\/conpromed.es\/energia\/otc\/"},{"@type":"ListItem","position":2,"name":"Aviso legal"}]},{"@type":"WebSite","@id":"https:\/\/conpromed.es\/energia\/otc\/#website","url":"https:\/\/conpromed.es\/energia\/otc\/","name":"OTC Albacete","description":"Oficina de Transformaci\u00f3n Comunitaria de Albacete","potentialAction":[{"@type":"SearchAction","target":{"@type":"EntryPoint","urlTemplate":"https:\/\/conpromed.es\/energia\/otc\/?s={search_term_string}"},"query-input":{"@type":"PropertyValueSpecification","valueRequired":true,"valueName":"search_term_string"}}],"inLanguage":"es"}]}},"_links":{"self":[{"href":"https:\/\/conpromed.es\/energia\/otc\/wp-json\/wp\/v2\/pages\/552","targetHints":{"allow":["GET"]}}],"collection":[{"href":"https:\/\/conpromed.es\/energia\/otc\/wp-json\/wp\/v2\/pages"}],"about":[{"href":"https:\/\/conpromed.es\/energia\/otc\/wp-json\/wp\/v2\/types\/page"}],"author":[{"embeddable":true,"href":"https:\/\/conpromed.es\/energia\/otc\/wp-json\/wp\/v2\/users\/3"}],"replies":[{"embeddable":true,"href":"https:\/\/conpromed.es\/energia\/otc\/wp-json\/wp\/v2\/comments?post=552"}],"version-history":[{"count":2,"href":"https:\/\/conpromed.es\/energia\/otc\/wp-json\/wp\/v2\/pages\/552\/revisions"}],"predecessor-version":[{"id":554,"href":"https:\/\/conpromed.es\/energia\/otc\/wp-json\/wp\/v2\/pages\/552\/revisions\/554"}],"wp:attachment":[{"href":"https:\/\/conpromed.es\/energia\/otc\/wp-json\/wp\/v2\/media?parent=552"}],"curies":[{"name":"wp","href":"https:\/\/api.w.org\/{rel}","templated":true}]}}